{"id":11,"date":"2025-04-01T15:04:09","date_gmt":"2025-04-01T13:04:09","guid":{"rendered":"https:\/\/backup29042025.25johannes.cms.schulwebspace.at\/?page_id=11"},"modified":"2025-04-01T15:04:09","modified_gmt":"2025-04-01T13:04:09","slug":"ueber-uns","status":"publish","type":"page","link":"https:\/\/backup29042025.25johannes.cms.schulwebspace.at\/index.php\/ueber-uns\/","title":{"rendered":"\u00dcber uns"},"content":{"rendered":"\n<p>Vielleicht bist du k\u00fcnstlerisch t\u00e4tig und m\u00f6chtest dich und deine Arbeiten hier vorstellen. Oder du hast vielleicht ein Unternehmen, dessen Mission du hier beschreiben m\u00f6chtest.<\/p>\n","protected":false},"excerpt":{"rendered":"<p>Vielleicht bist du k\u00fcnstlerisch t\u00e4tig und m\u00f6chtest dich und deine Arbeiten hier vorstellen. Oder du hast vielleicht ein Unternehmen, dessen Mission du hier beschreiben m\u00f6chtest.<\/p>\n","protected":false},"author":1,"featured_media":8,"parent":0,"menu_order":0,"comment_status":"closed","ping_status":"closed","template":"","meta":{"footnotes":""},"class_list":["post-11","page","type-page","status-publish","has-post-thumbnail","hentry"],"_links":{"self":[{"href":"https:\/\/backup29042025.25johannes.cms.schulwebspace.at\/index.php\/wp-json\/wp\/v2\/pages\/11","targetHints":{"allow":["GET"]}}],"collection":[{"href":"https:\/\/backup29042025.25johannes.cms.schulwebspace.at\/index.php\/wp-json\/wp\/v2\/pages"}],"about":[{"href":"https:\/\/backup29042025.25johannes.cms.schulwebspace.at\/index.php\/wp-json\/wp\/v2\/types\/page"}],"author":[{"embeddable":true,"href":"https:\/\/backup29042025.25johannes.cms.schulwebspace.at\/index.php\/wp-json\/wp\/v2\/users\/1"}],"replies":[{"embeddable":true,"href":"https:\/\/backup29042025.25johannes.cms.schulwebspace.at\/index.php\/wp-json\/wp\/v2\/comments?post=11"}],"version-history":[{"count":1,"href":"https:\/\/backup29042025.25johannes.cms.schulwebspace.at\/index.php\/wp-json\/wp\/v2\/pages\/11\/revisions"}],"predecessor-version":[{"id":28,"href":"https:\/\/backup29042025.25johannes.cms.schulwebspace.at\/index.php\/wp-json\/wp\/v2\/pages\/11\/revisions\/28"}],"wp:featuredmedia":[{"embeddable":true,"href":"https:\/\/backup29042025.25johannes.cms.schulwebspace.at\/index.php\/wp-json\/wp\/v2\/media\/8"}],"wp:attachment":[{"href":"https:\/\/backup29042025.25johannes.cms.schulwebspace.at\/index.php\/wp-json\/wp\/v2\/media?parent=11"}],"curies":[{"name":"wp","href":"https:\/\/api.w.org\/{rel}","templated":true}]}}